{"id":330,"date":"2016-02-29T13:10:37","date_gmt":"2016-02-29T13:10:37","guid":{"rendered":"http:\/\/test.kriesi.at\/travel\/?page_id=2"},"modified":"2022-08-26T10:07:21","modified_gmt":"2022-08-26T08:07:21","slug":"welcome","status":"publish","type":"page","link":"https:\/\/meetdanmark.winnovation.dk\/","title":{"rendered":"Forside"},"content":{"rendered":"<div id='full_slider_1'  class='avia-fullwidth-slider main_color avia-shadow   avia-builder-el-0  el_before_av_section  avia-builder-el-first   container_wrap sidebar_right'  ><div   data-size='featured_large'  data-lightbox_size='large'  data-animation='fade'  data-conditional_play=''  data-ids='1361,1364,1828,1381'  data-video_counter='0'  data-autoplay='true'  data-bg_slider='false'  data-slide_height=''  data-handle='av_slideshow_full'  data-interval='4'  data-class=' '  data-el_id=''  data-css_id=''  data-scroll_down=''  data-control_layout='av-control-hidden'  data-custom_markup=''  data-perma_caption=''  data-autoplay_stopper=''  data-image_attachment=''  data-min_height='0px'  data-lazy_loading='disabled'  data-src=''  data-position='top left'  data-repeat='no-repeat'  data-attach='scroll'  data-stretch=''  data-img_scrset=''  data-default-height='42'  class='avia-slideshow avia-slideshow-1  av-control-hidden av-default-height-applied avia-slideshow-featured_large av_slideshow_full   avia-fade-slider '  itemprop=\"image\" itemscope=\"itemscope\" itemtype=\"https:\/\/schema.org\/ImageObject\" ><ul class='avia-slideshow-inner ' style='padding-bottom: 42%;' ><li  class=' slide-1 ' ><div data-rel='slideshow-1' class='avia-slide-wrap '   ><img class=\"wp-image-1361 avia-img-lazy-loading-not-1361\"  src=\"https:\/\/meetdanmark.winnovation.dk\/wp-content\/uploads\/2022\/04\/Copenhagen-Royal-Danish-Playhouse-nighttime-large-1500x630.jpg\" width=\"1500\" height=\"630\" title='' alt=''  itemprop=\"thumbnailUrl\"   \/><\/div><\/li><li  class=' slide-2 ' ><div data-rel='slideshow-1' class='avia-slide-wrap '   ><img class=\"wp-image-1364 avia-img-lazy-loading-not-1364\"  src=\"https:\/\/meetdanmark.winnovation.dk\/wp-content\/uploads\/2022\/04\/ARoS-Aarhus_43488-large-1500x630.jpg\" width=\"1500\" height=\"630\" title='' alt=''  itemprop=\"thumbnailUrl\"   \/><\/div><\/li><li  class=' slide-3 ' ><div data-rel='slideshow-1' class='avia-slide-wrap '   ><img class=\"wp-image-1828 avia-img-lazy-loading-not-1828\"  src=\"https:\/\/meetdanmark.winnovation.dk\/wp-content\/uploads\/2022\/06\/Aalborg--1280x630.jpg\" width=\"1280\" height=\"630\" title='Aalborg' alt=''  itemprop=\"thumbnailUrl\"   \/><\/div><\/li><li  class=' slide-4 ' ><div data-rel='slideshow-1' class='avia-slide-wrap '   ><img class=\"wp-image-1381 avia-img-lazy-loading-not-1381\"  src=\"https:\/\/meetdanmark.winnovation.dk\/wp-content\/uploads\/2022\/04\/Odense-h-c-andersen-house_\u00a9Kim-Wyon-large-1-1500x630.jpg\" width=\"1500\" height=\"630\" title='' alt=''  itemprop=\"thumbnailUrl\"   \/><\/div><\/li><\/ul><div class='avia-slideshow-arrows avia-slideshow-controls' ><a href='#prev' class='prev-slide ' aria-hidden='true' data-av_icon='\ue87c' data-av_iconfont='entypo-fontello'  tabindex='-1'>Forrige<\/a><a href='#next' class='next-slide ' aria-hidden='true' data-av_icon='\ue87d' data-av_iconfont='entypo-fontello'  tabindex='-1'>N&#230;ste<\/a><\/div><div class='avia-slideshow-dots avia-slideshow-controls'><a href='#1' class='goto-slide active' >1<\/a><a href='#2' class='goto-slide ' >2<\/a><a href='#3' class='goto-slide ' >3<\/a><a href='#4' class='goto-slide ' >4<\/a><\/div><\/div><\/div>\n<div id='av_section_1'  class='avia-section av-c276h6-c5b3991d2b0f8caeb517badb6b0685c5 main_color avia-section-default avia-no-border-styling  avia-builder-el-1  el_after_av_slideshow_full  avia-builder-el-last  avia-bg-style-scroll  container_wrap sidebar_right'  ><div class='container av-section-cont-open' ><div class='template-page content  av-content-small alpha units'><div class='post-entry post-entry-type-page post-entry-330'><div class='entry-content-wrapper clearfix'>\n<div class='flex_column_table av-brd06i-f03e570582d0ad7d4e81877b8a06422e sc-av_one_third av-equal-height-column-flextable'>\n<style type=\"text\/css\" data-created_by=\"avia_inline_auto\" id=\"style-css-av-brd06i-f03e570582d0ad7d4e81877b8a06422e\">\n#top .flex_column_table.av-equal-height-column-flextable.av-brd06i-f03e570582d0ad7d4e81877b8a06422e{\nmargin-top:-300px;\nmargin-bottom:100px;\n}\n.flex_column.av-brd06i-f03e570582d0ad7d4e81877b8a06422e{\nborder-radius:0px 0px 0px 0px;\n-webkit-border-radius:0px 0px 0px 0px;\n-moz-border-radius:0px 0px 0px 0px;\npadding:40px 40px 40px 40px;\nbackground-color:#3a4d5c;\n}\n<\/style>\n<div class='flex_column av-brd06i-f03e570582d0ad7d4e81877b8a06422e av_one_third  avia-builder-el-2  el_before_av_one_third  avia-builder-el-first  first flex_column_table_cell av-equal-height-column av-align-top '   ><p>\n<style type=\"text\/css\" data-created_by=\"avia_inline_auto\" id=\"style-css-av-bpvhhe-fd10372c2a652d0adf0502b9f41bb8e4\">\n.av_font_icon.av-bpvhhe-fd10372c2a652d0adf0502b9f41bb8e4{\ncolor:#ffffff;\nborder-color:#ffffff;\n}\n.av_font_icon.av-bpvhhe-fd10372c2a652d0adf0502b9f41bb8e4 .av-icon-char{\nfont-size:60px;\nline-height:60px;\n}\n<\/style>\n<span  class=\"av_font_icon av-bpvhhe-fd10372c2a652d0adf0502b9f41bb8e4 avia_animate_when_visible av-icon-style- avia-icon-pos-center avia-icon-animate \"><span class='av-icon-char' aria-hidden='true' data-av_icon='\ue82b' data-av_iconfont='entypo-fontello' ><\/span><\/span><br \/>\n\n<style type=\"text\/css\" data-created_by=\"avia_inline_auto\" id=\"style-css-av-bip6ve-d11416aae2cee8d27bf67efc13307e3b\">\n#top .hr.hr-invisible.av-bip6ve-d11416aae2cee8d27bf67efc13307e3b{\nheight:20px;\n}\n<\/style>\n<div  class='hr av-bip6ve-d11416aae2cee8d27bf67efc13307e3b hr-invisible  avia-builder-el-4  el_after_av_font_icon  el_before_av_textblock  '><span class='hr-inner '><span class=\"hr-inner-style\"><\/span><\/span><\/div><br \/>\n<section class=\"av_textblock_section \"  itemscope=\"itemscope\" itemtype=\"https:\/\/schema.org\/CreativeWork\" ><div class='avia_textblock  av_inherit_color '  style='color:#ffffff; '  itemprop=\"text\" ><h4 class=\"x_MsoNormal\" style=\"text-align: center;\">FUNDRAISING &amp; SPONSOR VEJLEDNING<\/h4>\n<p class=\"x_MsoNormal\" style=\"text-align: center;\">Fundraising og sponsering fra A \u2013 Z for kongresv\u00e6rter<\/p>\n<p style=\"text-align: center;\">\n<\/div><\/section><br \/>\n\n<style type=\"text\/css\" data-created_by=\"avia_inline_auto\" id=\"style-css-av-b4p1ya-de987e2bb51752fad4599c44e62fd93c\">\n#top .hr.hr-invisible.av-b4p1ya-de987e2bb51752fad4599c44e62fd93c{\nheight:8px;\n}\n<\/style>\n<div  class='hr av-b4p1ya-de987e2bb51752fad4599c44e62fd93c hr-invisible  avia-builder-el-6  el_after_av_textblock  el_before_av_button  '><span class='hr-inner '><span class=\"hr-inner-style\"><\/span><\/span><\/div><br \/>\n<div  class='avia-button-wrap avia-button-center  avia-builder-el-7  el_after_av_hr  avia-builder-el-last ' ><a href='https:\/\/meetdanmark.winnovation.dk\/?page_id=1471'  class='avia-button av-13svl6-8d445db6300c97e5615cbf3767fd445e avia-icon_select-no avia-size-medium avia-position-center avia-color-light ' ><span class='avia_iconbox_title' >L\u00e6s mere her<\/span><\/a><\/div><\/p><\/div><div class='av-flex-placeholder'><\/div>\n<style type=\"text\/css\" data-created_by=\"avia_inline_auto\" id=\"style-css-av-atsvwa-707acc695e8f4500a9290187b6c83cc4\">\n#top .flex_column_table.av-equal-height-column-flextable.av-atsvwa-707acc695e8f4500a9290187b6c83cc4{\nmargin-top:-300px;\nmargin-bottom:100px;\n}\n.flex_column.av-atsvwa-707acc695e8f4500a9290187b6c83cc4{\nborder-radius:0px 0px 0px 0px;\n-webkit-border-radius:0px 0px 0px 0px;\n-moz-border-radius:0px 0px 0px 0px;\npadding:40px 40px 40px 40px;\nbackground-color:#3a4d5c;\n}\n<\/style>\n<div class='flex_column av-atsvwa-707acc695e8f4500a9290187b6c83cc4 av_one_third  avia-builder-el-8  el_after_av_one_third  el_before_av_one_third  flex_column_table_cell av-equal-height-column av-align-top '   ><p>\n<style type=\"text\/css\" data-created_by=\"avia_inline_auto\" id=\"style-css-av-an157e-673d3af3260006ae9cb8bf3b7372698d\">\n.av_font_icon.av-an157e-673d3af3260006ae9cb8bf3b7372698d{\ncolor:#ffffff;\nborder-color:#ffffff;\n}\n.av_font_icon.av-an157e-673d3af3260006ae9cb8bf3b7372698d .av-icon-char{\nfont-size:60px;\nline-height:60px;\n}\n<\/style>\n<span  class=\"av_font_icon av-an157e-673d3af3260006ae9cb8bf3b7372698d avia_animate_when_visible av-icon-style- avia-icon-pos-center avia-icon-animate \"><span class='av-icon-char' aria-hidden='true' data-av_icon='\ue856' data-av_iconfont='entypo-fontello' ><\/span><\/span><br \/>\n\n<style type=\"text\/css\" data-created_by=\"avia_inline_auto\" id=\"style-css-av-airjvu-3daaf196af2d77ebd294a3fa93f29e5c\">\n#top .hr.hr-invisible.av-airjvu-3daaf196af2d77ebd294a3fa93f29e5c{\nheight:20px;\n}\n<\/style>\n<div  class='hr av-airjvu-3daaf196af2d77ebd294a3fa93f29e5c hr-invisible  avia-builder-el-10  el_after_av_font_icon  el_before_av_textblock  '><span class='hr-inner '><span class=\"hr-inner-style\"><\/span><\/span><\/div><br \/>\n<section class=\"av_textblock_section \"  itemscope=\"itemscope\" itemtype=\"https:\/\/schema.org\/CreativeWork\" ><div class='avia_textblock  av_inherit_color '  style='color:#ffffff; '  itemprop=\"text\" ><h4 style=\"text-align: center;\">V\u00e6rkt\u00f8jer<\/h4>\n<p style=\"text-align: center;\">Videotutorials, v\u00e6rkt\u00f8jer &#038; skabeloner<\/p>\n<\/div><\/section><br \/>\n\n<style type=\"text\/css\" data-created_by=\"avia_inline_auto\" id=\"style-css-av-a5xeje-f4b0c012b8546583b30b6bcf6458b8c6\">\n#top .hr.hr-invisible.av-a5xeje-f4b0c012b8546583b30b6bcf6458b8c6{\nheight:8px;\n}\n<\/style>\n<div  class='hr av-a5xeje-f4b0c012b8546583b30b6bcf6458b8c6 hr-invisible  avia-builder-el-12  el_after_av_textblock  el_before_av_button  '><span class='hr-inner '><span class=\"hr-inner-style\"><\/span><\/span><\/div><br \/>\n<div  class='avia-button-wrap avia-button-center  avia-builder-el-13  el_after_av_hr  avia-builder-el-last ' ><a href='https:\/\/meetdanmark.winnovation.dk\/?page_id=1261'  class='avia-button av-a35sw2-d607500e9e8393dae35f8f592d614843 avia-icon_select-no avia-size-medium avia-position-center avia-color-light ' ><span class='avia_iconbox_title' >L\u00e6s mere her<\/span><\/a><\/div><\/p><\/div><div class='av-flex-placeholder'><\/div>\n<style type=\"text\/css\" data-created_by=\"avia_inline_auto\" id=\"style-css-av-9ur522-a6f4051971f64b8aebc06ea91a978b9d\">\n#top .flex_column_table.av-equal-height-column-flextable.av-9ur522-a6f4051971f64b8aebc06ea91a978b9d{\nmargin-top:-300px;\nmargin-bottom:100px;\n}\n.flex_column.av-9ur522-a6f4051971f64b8aebc06ea91a978b9d{\nborder-radius:0px 0px 0px 0px;\n-webkit-border-radius:0px 0px 0px 0px;\n-moz-border-radius:0px 0px 0px 0px;\npadding:40px 40px 40px 40px;\nbackground-color:#3a4d5c;\n}\n<\/style>\n<div class='flex_column av-9ur522-a6f4051971f64b8aebc06ea91a978b9d av_one_third  avia-builder-el-14  el_after_av_one_third  el_before_av_hr  flex_column_table_cell av-equal-height-column av-align-top '   ><p>\n<style type=\"text\/css\" data-created_by=\"avia_inline_auto\" id=\"style-css-av-9o0lkq-77e132a7f7b02f2728793b4d7e6a374a\">\n.av_font_icon.av-9o0lkq-77e132a7f7b02f2728793b4d7e6a374a{\ncolor:#ffffff;\nborder-color:#ffffff;\n}\n.av_font_icon.av-9o0lkq-77e132a7f7b02f2728793b4d7e6a374a .av-icon-char{\nfont-size:60px;\nline-height:60px;\n}\n<\/style>\n<span  class=\"av_font_icon av-9o0lkq-77e132a7f7b02f2728793b4d7e6a374a avia_animate_when_visible av-icon-style- avia-icon-pos-center avia-icon-animate \"><span class='av-icon-char' aria-hidden='true' data-av_icon='\ue803' data-av_iconfont='entypo-fontello' ><\/span><\/span><br \/>\n\n<style type=\"text\/css\" data-created_by=\"avia_inline_auto\" id=\"style-css-av-9iq20a-5c9cd07c42aa296ddb42c16f12c0e9aa\">\n#top .hr.hr-invisible.av-9iq20a-5c9cd07c42aa296ddb42c16f12c0e9aa{\nheight:20px;\n}\n<\/style>\n<div  class='hr av-9iq20a-5c9cd07c42aa296ddb42c16f12c0e9aa hr-invisible  avia-builder-el-16  el_after_av_font_icon  el_before_av_textblock  '><span class='hr-inner '><span class=\"hr-inner-style\"><\/span><\/span><\/div><br \/>\n<section class=\"av_textblock_section \"  itemscope=\"itemscope\" itemtype=\"https:\/\/schema.org\/CreativeWork\" ><div class='avia_textblock  av_inherit_color '  style='color:#ffffff; '  itemprop=\"text\" ><h4 style=\"text-align: center;\"><strong>FIND OG S\u00d8G FONDE<\/strong><\/h4>\n<p style=\"text-align: center;\">R\u00e5d og v\u00e6rkt\u00f8jer til at finde relevante fonde<\/p>\n<\/div><\/section><br \/>\n\n<style type=\"text\/css\" data-created_by=\"avia_inline_auto\" id=\"style-css-av-wzf62-c5ca7ef781ca7a0042b6804b080b324b\">\n#top .hr.hr-invisible.av-wzf62-c5ca7ef781ca7a0042b6804b080b324b{\nheight:8px;\n}\n<\/style>\n<div  class='hr av-wzf62-c5ca7ef781ca7a0042b6804b080b324b hr-invisible  avia-builder-el-18  el_after_av_textblock  el_before_av_button  '><span class='hr-inner '><span class=\"hr-inner-style\"><\/span><\/span><\/div><br \/>\n<div  class='avia-button-wrap avia-button-center  avia-builder-el-19  el_after_av_hr  avia-builder-el-last ' ><a href='http:\/\/meetdanmark.winnovation.dk\/?page_id=945'  class='avia-button av-l4zkptov-220dbd6cf031ef64c3e4da88d4ee9a07 avia-icon_select-no avia-size-medium avia-position-center avia-color-light ' ><span class='avia_iconbox_title' >L\u00e6s mere her<\/span><\/a><\/div><\/p><\/div><\/div><!--close column table wrapper. Autoclose: 1 -->\n<style type=\"text\/css\" data-created_by=\"avia_inline_auto\" id=\"style-css-av-7anguy-17b1cb6ab8a5214e0eb03286f5e6e2c6\">\n#top .hr.hr-invisible.av-7anguy-17b1cb6ab8a5214e0eb03286f5e6e2c6{\nheight:80px;\n}\n<\/style>\n<div  class='hr av-7anguy-17b1cb6ab8a5214e0eb03286f5e6e2c6 hr-invisible  avia-builder-el-20  el_after_av_one_third  avia-builder-el-last  '><span class='hr-inner '><span class=\"hr-inner-style\"><\/span><\/span><\/div>\n<\/div><\/div><\/div><!-- close content main div --><\/div><\/div><div id='after_section_1'  class='main_color av_default_container_wrap container_wrap sidebar_right'  ><div class='container av-section-cont-open' ><div class='template-page content  av-content-small alpha units'><div class='post-entry post-entry-type-page post-entry-330'><div class='entry-content-wrapper clearfix'>\n","protected":false},"excerpt":{"rendered":"","protected":false},"author":1,"featured_media":0,"parent":0,"menu_order":0,"comment_status":"closed","ping_status":"open","template":"","meta":[],"_links":{"self":[{"href":"https:\/\/meetdanmark.winnovation.dk\/index.php?rest_route=\/wp\/v2\/pages\/330"}],"collection":[{"href":"https:\/\/meetdanmark.winnovation.dk\/index.php?rest_route=\/wp\/v2\/pages"}],"about":[{"href":"https:\/\/meetdanmark.winnovation.dk\/index.php?rest_route=\/wp\/v2\/types\/page"}],"author":[{"embeddable":true,"href":"https:\/\/meetdanmark.winnovation.dk\/index.php?rest_route=\/wp\/v2\/users\/1"}],"replies":[{"embeddable":true,"href":"https:\/\/meetdanmark.winnovation.dk\/index.php?rest_route=%2Fwp%2Fv2%2Fcomments&post=330"}],"version-history":[{"count":32,"href":"https:\/\/meetdanmark.winnovation.dk\/index.php?rest_route=\/wp\/v2\/pages\/330\/revisions"}],"predecessor-version":[{"id":1886,"href":"https:\/\/meetdanmark.winnovation.dk\/index.php?rest_route=\/wp\/v2\/pages\/330\/revisions\/1886"}],"wp:attachment":[{"href":"https:\/\/meetdanmark.winnovation.dk\/index.php?rest_route=%2Fwp%2Fv2%2Fmedia&parent=330"}],"curies":[{"name":"wp","href":"https:\/\/api.w.org\/{rel}","templated":true}]}}