{"id":945,"date":"2016-07-15T14:16:43","date_gmt":"2016-07-15T14:16:43","guid":{"rendered":"http:\/\/test.kriesi.at\/enfold-medical\/?page_id=945"},"modified":"2022-07-01T12:15:58","modified_gmt":"2022-07-01T10:15:58","slug":"news","status":"publish","type":"page","link":"http:\/\/meetdanmark.winnovation.dk\/?page_id=945","title":{"rendered":"S\u00f8gfonde"},"content":{"rendered":"<div id='av-layout-grid-1'  class='av-layout-grid-container entry-content-wrapper main_color av-flex-cells     avia-builder-el-0  el_before_av_layout_row  avia-builder-el-first  container_wrap sidebar_right'  >\n<div class=\"flex_cell no_margin av_one_half  avia-builder-el-1  el_before_av_cell_one_half  avia-builder-el-first   avia-full-stretch av-zero-padding \"  style='height:500px; min-height:500px;background:url(http:\/\/meetdanmark.winnovation.dk\/wp-content\/uploads\/2022\/06\/josh-appel-NeTPASr-bmQ-unsplash-1030x774.jpg) top left no-repeat scroll #22689e; vertical-align:middle; padding:0px; background-color:#22689e; ' ><div class='flex_cell_inner' ><\/div><\/div><div class=\"flex_cell no_margin av_one_half  avia-builder-el-2  el_after_av_cell_one_half  avia-builder-el-last   \"  style='height:500px; min-height:500px;background: #3a4d5c; vertical-align:middle; padding:80px; background-color:#3a4d5c; ' ><div class='flex_cell_inner' ><p>\n<style type=\"text\/css\" data-created_by=\"avia_inline_auto\" id=\"style-css-av-1r9zo9-babade5e7fdf038da9d73fa52bcbc01a\">\n#top .av-special-heading.av-1r9zo9-babade5e7fdf038da9d73fa52bcbc01a{\npadding-bottom:25px;\ncolor:#ffffff;\nfont-size:34px;\n}\n.av-special-heading.av-1r9zo9-babade5e7fdf038da9d73fa52bcbc01a .special-heading-inner-border{\nborder-color:#ffffff;\n}\n<\/style>\n<div  class='av-special-heading av-1r9zo9-babade5e7fdf038da9d73fa52bcbc01a av-special-heading-h2 custom-color-heading blockquote classic-quote classic-quote-left  avia-builder-el-3  el_before_av_textblock  avia-builder-el-first  av-inherit-size '><h2 class='av-special-heading-tag '  itemprop=\"headline\"  >FIND DE RELEVANTE FONDE \u2013 KOM GODT I GANG<\/h2><div class='special-heading-border'><div class='special-heading-inner-border'><\/div><\/div><\/div><br \/>\n<section class=\"av_textblock_section \"  itemscope=\"itemscope\" itemtype=\"https:\/\/schema.org\/CreativeWork\" ><div class='avia_textblock  av_inherit_color '  style='color:#ffffff; '  itemprop=\"text\" ><p>N\u00e5r der skal ans\u00f8ges funding til en kongres, er der mange forskellige fondsmuligheder. At finde den rigtige fond kr\u00e6ver tid og energi, men er en god investering (17. milliarder uddeles hvert \u00e5r). Erfaringen viser, at mange ofte g\u00e5r i st\u00e5 i denne fase, da det kan virke uoverskueligt. Der findes desv\u00e6rre ikke en hurtig og nem l\u00f8sning, da det handler om at identificere de fonde, hvis form\u00e5l matcher kongressen fokus. Men der er par r\u00e5d og genveje, som kan g\u00f8re det nemmere at finde de relevante fonde:<\/p>\n<h3><strong>T\u00c6NK UD AF BOKSEN OG KIG BREDT <\/strong><\/h3>\n<p>Mange har til tendens til at s\u00f8ge de s\u00e6dvanlige fonde, hvor man m\u00e5ske tidligere har opn\u00e5et en bevilling eller kun have fokus p\u00e5 lokale fonde. Begge kan give rigtig god mening, men det er vigtigt at huske p\u00e5, at der findes flere typer af fonde, hvilket b\u00f8r t\u00e6nkes i ans\u00f8gningsstrategien:<\/p>\n<p><strong>Private fonde: <\/strong><\/p>\n<p>Af private fonde kan f.eks. n\u00e6vnes Lundbeckfonden og Novo Nordisk Fonden, som begge tidligere har st\u00f8ttet bestemte typer af udgifter ifm. afviklingen af kongresser og konferencer inden for Life Science omr\u00e5det.<\/p>\n<p><strong>Offentlige fonde:\u00a0 <\/strong><\/p>\n<p>Indenfor de offentlige fonde er der tre niveauer du kan overveje at inddrage i ans\u00f8gningsstrategien. Det nationale, det regionale og det lokale niveau &#8211; hvis det passer til den p\u00e5g\u00e6ldende kongres. Alle tre forvaltningsniveauer har st\u00f8tteordninger. Du kender m\u00e5ske den nationale Grundforskningsfond eller Innovationsfonden? Men de er blot to ud af hundredvis af nuancerede og specialiserede st\u00f8tteordninger. Tilsvarende findes regionale st\u00f8tteordninger forvaltet af regionerne og lokale forvaltet af kommunerne.<\/p>\n<p>Bes\u00f8g eller genbes\u00f8g afsnittet i vejledningen om de tre offentlige st\u00f8ttekanaler samt de private fonde. Det kan v\u00e6re med til at sikre, at du f\u00e5r lavet en helst\u00f8bt strategi med mange bevillingsgivere. Private som offentlige i en fin samlet ans\u00f8gningsmosaik.<\/p>\n<\/div><\/section><br \/>\n\n<style type=\"text\/css\" data-created_by=\"avia_inline_auto\" id=\"style-css-av-l52a3frj-5f5682013cb77026cd8fd521efbe2652\">\n#top .hr.hr-invisible.av-l52a3frj-5f5682013cb77026cd8fd521efbe2652{\nheight:50px;\n}\n<\/style>\n<div  class='hr av-l52a3frj-5f5682013cb77026cd8fd521efbe2652 hr-invisible  avia-builder-el-5  el_after_av_textblock  el_before_av_font_icon  '><span class='hr-inner '><span class=\"hr-inner-style\"><\/span><\/span><\/div><br \/>\n\n<style type=\"text\/css\" data-created_by=\"avia_inline_auto\" id=\"style-css-av-l52a2gqp-2d136d9edd46c4810617a08ce7227af8\">\n.av_font_icon.av-l52a2gqp-2d136d9edd46c4810617a08ce7227af8{\ncolor:#ffffff;\nborder-color:#ffffff;\n}\n.av_font_icon.av-l52a2gqp-2d136d9edd46c4810617a08ce7227af8 .av-icon-char{\nfont-size:40px;\nline-height:40px;\nwidth:40px;\n}\n<\/style>\n<span  class=\"av_font_icon av-l52a2gqp-2d136d9edd46c4810617a08ce7227af8 avia_animate_when_visible av-icon-style-border avia-icon-pos-center avia-icon-animate \"><a href='http:\/\/meetdanmark.winnovation.dk\/?page_id=1471'   class='av-icon-char' aria-hidden='true' data-av_icon='\ue84f' data-av_iconfont='entypo-fontello' ><\/a><span class='av_icon_caption av-special-font'>SE VEJLEDNING<\/span><\/span><\/p>\n<\/div><\/div><\/div><div id='av-layout-grid-2'  class='av-layout-grid-container entry-content-wrapper main_color av-flex-cells     avia-builder-el-7  el_after_av_layout_row  el_before_av_section  submenu-not-first container_wrap sidebar_right'  >\n<div class=\"flex_cell no_margin av_one_half  avia-builder-el-8  el_before_av_cell_one_half  avia-builder-el-first   avia-full-stretch \"  style='height:500px; min-height:500px;background: #3a4d5c; vertical-align:middle; padding:80px; background-color:#3a4d5c; ' ><div class='flex_cell_inner' ><section class=\"av_textblock_section \"  itemscope=\"itemscope\" itemtype=\"https:\/\/schema.org\/CreativeWork\" ><div class='avia_textblock  av_inherit_color '  style='color:#ffffff; '  itemprop=\"text\" ><h3><strong>HVORDAN FINDER DU HUTIGST DE MEST EGNEDE FONDE?<\/strong><\/h3>\n<p>Hvis man vil g\u00f8re processen s\u00e5 struktureret som muligt, s\u00e5 anbefaler vi at bruge en database. Der findes mange forskellige databaser:<\/p>\n<p><strong>Offentlige udbydere:<\/strong> Flere regioner og universiteter har egne databaser, som man som ansat kan f\u00e5 adgang.<\/p>\n<p><strong>Private udbydere:<\/strong> Der findes en r\u00e6kke private udbydere, hvor der kan tilk\u00f8bes adgang f.eks.<\/p>\n<ul>\n<li><a href=\"http:\/\/www.sogfonde.dk\/\">sogfonde.dk<\/a><\/li>\n<li><a href=\"http:\/\/www.fonde.dk\/\">fonde.dk<\/a><\/li>\n<li><a href=\"http:\/\/www.fundats.dk\/\">fundats.dk<\/a><\/li>\n<\/ul>\n<p><strong>Har ud brug for adgang til at s\u00f8ge fonde? <\/strong><\/p>\n<p>Er du en potentiel kongresv\u00e6rt og er ved at fundraise til en stor videnskabelig kongres? S\u00e5 kan du ans\u00f8ge om en log-in adgang til S\u00f8gfonde.dk.<\/p>\n<p>Wischmann Innovation har udviklet denne digitale fundingvejledning for MeetDenmark og de st\u00e5r ogs\u00e5 bag databasen S\u00f8gFonde.dk. En database med flere tusinde fondsprogrammer til alle form\u00e5l, til alle sektorer. Den indeholder adgang til b\u00e5de de offentlige samt private fonde og et let at s\u00f8ge i. MeetDenmark har en begr\u00e6nset antal adgange, som tilbydes til potentielle kongresv\u00e6rter. Udfyld nedenst\u00e5ende formular, hvorefter MeetDenmarks sekretariatet vil kontakte dig.<\/p>\n<\/div><\/section>\n<\/div><\/div><div class=\"flex_cell no_margin av_one_half  avia-builder-el-10  el_after_av_cell_one_half  avia-builder-el-last   avia-full-stretch av-zero-padding \"  style='height:500px; min-height:500px;background:url(http:\/\/meetdanmark.winnovation.dk\/wp-content\/uploads\/2022\/06\/annie-spratt-TBHOuN6URGU-unsplash-1030x773.jpg) top left no-repeat scroll; vertical-align:middle; padding:0px; ' ><div class='flex_cell_inner' ><\/div><\/div><\/div>\n<style type=\"text\/css\" data-created_by=\"avia_inline_auto\" id=\"style-css-av-1gfhsx-15e996e1cd9a2bcad297c7bece462cb7\">\n.avia-section.av-1gfhsx-15e996e1cd9a2bcad297c7bece462cb7{\nbackground-color:#3a4d5c;\n}\n<\/style>\n<div id='av_section_1'  class='avia-section av-1gfhsx-15e996e1cd9a2bcad297c7bece462cb7 main_color avia-section-huge avia-no-border-styling  avia-builder-el-11  el_after_av_layout_row  el_before_av_one_full  avia-bg-style-scroll  container_wrap sidebar_right'  ><div class='container av-section-cont-open' ><div class='template-page content  av-content-small alpha units'><div class='post-entry post-entry-type-page post-entry-945'><div class='entry-content-wrapper clearfix'>\n<div class='flex_column_table av-1753zt-c2984b9ff8e1c0d378c3e05a5c023617 sc-av_one_third av-equal-height-column-flextable'>\n<style type=\"text\/css\" data-created_by=\"avia_inline_auto\" id=\"style-css-av-1753zt-c2984b9ff8e1c0d378c3e05a5c023617\">\n#top .flex_column_table.av-equal-height-column-flextable.av-1753zt-c2984b9ff8e1c0d378c3e05a5c023617{\nmargin-top:-200px;\nmargin-bottom:0px;\n}\n.flex_column.av-1753zt-c2984b9ff8e1c0d378c3e05a5c023617{\nborder-radius:0px 0px 0px 0px;\n-webkit-border-radius:0px 0px 0px 0px;\n-moz-border-radius:0px 0px 0px 0px;\npadding:40px 40px 40px 40px;\n}\n<\/style>\n<div class='flex_column av-1753zt-c2984b9ff8e1c0d378c3e05a5c023617 av_one_third  avia-builder-el-12  el_before_av_one_third  avia-builder-el-first  first no_margin flex_column_table_cell av-equal-height-column av-align-top '   ><\/div>\n<style type=\"text\/css\" data-created_by=\"avia_inline_auto\" id=\"style-css-av-15ni7l-cddf345529455f0ed4a3c5c3f7ed57f0\">\n#top .flex_column_table.av-equal-height-column-flextable.av-15ni7l-cddf345529455f0ed4a3c5c3f7ed57f0{\nmargin-top:-200px;\nmargin-bottom:0px;\n}\n.flex_column.av-15ni7l-cddf345529455f0ed4a3c5c3f7ed57f0{\nborder-radius:0px 0px 0px 0px;\n-webkit-border-radius:0px 0px 0px 0px;\n-moz-border-radius:0px 0px 0px 0px;\npadding:40px 40px 40px 40px;\nbackground-color:#ff8d1d;\n}\n<\/style>\n<div class='flex_column av-15ni7l-cddf345529455f0ed4a3c5c3f7ed57f0 av_one_third  avia-builder-el-13  el_after_av_one_third  el_before_av_one_third  no_margin flex_column_table_cell av-equal-height-column av-align-top '   ><p>\n<style type=\"text\/css\" data-created_by=\"avia_inline_auto\" id=\"style-css-av-l4zagn7j-d6a79b8b72d3f6de69fe6c90c5c6ce70\">\n#top .av-special-heading.av-l4zagn7j-d6a79b8b72d3f6de69fe6c90c5c6ce70{\npadding-bottom:25px;\ncolor:#ffffff;\nfont-size:24px;\n}\n.av-special-heading.av-l4zagn7j-d6a79b8b72d3f6de69fe6c90c5c6ce70 .special-heading-inner-border{\nborder-color:#ffffff;\n}\n<\/style>\n<div  class='av-special-heading av-l4zagn7j-d6a79b8b72d3f6de69fe6c90c5c6ce70 av-special-heading-h3 custom-color-heading blockquote classic-quote classic-quote-left  avia-builder-el-14  el_before_av_font_icon  avia-builder-el-first  av-inherit-size '><h3 class='av-special-heading-tag '  itemprop=\"headline\"  >Kontakt fomular kommer her<\/h3><div class='special-heading-border'><div class='special-heading-inner-border'><\/div><\/div><\/div><br \/>\n\n<style type=\"text\/css\" data-created_by=\"avia_inline_auto\" id=\"style-css-av-x16wx-9e38b8d10b07c17a724850139172c51f\">\n.av_font_icon.av-x16wx-9e38b8d10b07c17a724850139172c51f{\ncolor:#ffffff;\nborder-color:#ffffff;\n}\n.av_font_icon.av-x16wx-9e38b8d10b07c17a724850139172c51f .av-icon-char{\nfont-size:60px;\nline-height:60px;\n}\n<\/style>\n<span  class=\"av_font_icon av-x16wx-9e38b8d10b07c17a724850139172c51f avia_animate_when_visible av-icon-style- avia-icon-pos-center avia-icon-animate \"><span class='av-icon-char' aria-hidden='true' data-av_icon='\ue836' data-av_iconfont='entypo-fontello' ><\/span><\/span><br \/>\n\n<style type=\"text\/css\" data-created_by=\"avia_inline_auto\" id=\"style-css-av-smow9-e68d9f0602d5cfab20c6324abc9f7c39\">\n#top .hr.hr-invisible.av-smow9-e68d9f0602d5cfab20c6324abc9f7c39{\nheight:20px;\n}\n<\/style>\n<div  class='hr av-smow9-e68d9f0602d5cfab20c6324abc9f7c39 hr-invisible  avia-builder-el-16  el_after_av_font_icon  el_before_av_textblock  '><span class='hr-inner '><span class=\"hr-inner-style\"><\/span><\/span><\/div><br \/>\n<section class=\"av_textblock_section \"  itemscope=\"itemscope\" itemtype=\"https:\/\/schema.org\/CreativeWork\" ><div class='avia_textblock  av_inherit_color '  style='color:#ffffff; '  itemprop=\"text\" ><h4 style=\"text-align: center;\">skriv til<\/h4>\n<h4 style=\"text-align: center;\"><a href=\"mailto:jgr@woco.dk\" target=\"_blank\" rel=\"noopener noreferrer\" data-auth=\"NotApplicable\" data-linkindex=\"4\">jgr@woco.dk<\/a><\/h4>\n<\/div><\/section><\/p><\/div>\n<style type=\"text\/css\" data-created_by=\"avia_inline_auto\" id=\"style-css-av-ddngp-d51a8ae4fc955ec5b70c04c806333cb4\">\n#top .flex_column_table.av-equal-height-column-flextable.av-ddngp-d51a8ae4fc955ec5b70c04c806333cb4{\nmargin-top:-200px;\nmargin-bottom:0px;\n}\n.flex_column.av-ddngp-d51a8ae4fc955ec5b70c04c806333cb4{\nborder-radius:0px 0px 0px 0px;\n-webkit-border-radius:0px 0px 0px 0px;\n-moz-border-radius:0px 0px 0px 0px;\npadding:40px 40px 40px 40px;\n}\n<\/style>\n<div class='flex_column av-ddngp-d51a8ae4fc955ec5b70c04c806333cb4 av_one_third  avia-builder-el-18  el_after_av_one_third  avia-builder-el-last  no_margin flex_column_table_cell av-equal-height-column av-align-top '   ><\/div><\/div><!--close column table wrapper. Autoclose: 1 -->\n<\/div><\/div><\/div><!-- close content main div --><\/div><\/div><div id='after_section_1'  class='main_color av_default_container_wrap container_wrap sidebar_right'  ><div class='container av-section-cont-open' ><div class='template-page content  av-content-small alpha units'><div class='post-entry post-entry-type-page post-entry-945'><div class='entry-content-wrapper clearfix'><\/p>\n<div class='flex_column av-pwtt-7acf86ba1090c3e2ca24a0c8793a57b8 av_one_full  avia-builder-el-19  el_after_av_section  avia-builder-el-no-sibling  first flex_column_div '   ><\/div>\n","protected":false},"excerpt":{"rendered":"","protected":false},"author":1,"featured_media":0,"parent":0,"menu_order":0,"comment_status":"closed","ping_status":"closed","template":"","meta":[],"_links":{"self":[{"href":"http:\/\/meetdanmark.winnovation.dk\/index.php?rest_route=\/wp\/v2\/pages\/945"}],"collection":[{"href":"http:\/\/meetdanmark.winnovation.dk\/index.php?rest_route=\/wp\/v2\/pages"}],"about":[{"href":"http:\/\/meetdanmark.winnovation.dk\/index.php?rest_route=\/wp\/v2\/types\/page"}],"author":[{"embeddable":true,"href":"http:\/\/meetdanmark.winnovation.dk\/index.php?rest_route=\/wp\/v2\/users\/1"}],"replies":[{"embeddable":true,"href":"http:\/\/meetdanmark.winnovation.dk\/index.php?rest_route=%2Fwp%2Fv2%2Fcomments&post=945"}],"version-history":[{"count":13,"href":"http:\/\/meetdanmark.winnovation.dk\/index.php?rest_route=\/wp\/v2\/pages\/945\/revisions"}],"predecessor-version":[{"id":1877,"href":"http:\/\/meetdanmark.winnovation.dk\/index.php?rest_route=\/wp\/v2\/pages\/945\/revisions\/1877"}],"wp:attachment":[{"href":"http:\/\/meetdanmark.winnovation.dk\/index.php?rest_route=%2Fwp%2Fv2%2Fmedia&parent=945"}],"curies":[{"name":"wp","href":"https:\/\/api.w.org\/{rel}","templated":true}]}}